{"id":1607,"date":"2023-12-15T09:17:05","date_gmt":"2023-12-15T08:17:05","guid":{"rendered":"https:\/\/www.kostasystem.com\/estaciones\/"},"modified":"2024-11-11T13:00:16","modified_gmt":"2024-11-11T12:00:16","slug":"stations","status":"publish","type":"page","link":"https:\/\/www.kostasystem.com\/fr\/stations\/","title":{"rendered":"Stations"},"content":{"rendered":"\t\t<div data-elementor-type=\"wp-page\" data-elementor-id=\"1607\" class=\"elementor elementor-1607 elementor-585\">\n\t\t\t\t\t\t<section class=\"elementor-section elementor-top-section elementor-element elementor-element-9fc05bc elementor-section-height-min-height elementor-section-boxed elementor-section-height-default elementor-section-items-middle\" data-id=\"9fc05bc\" data-element_type=\"section\" data-settings=\"{&quot;background_background&quot;:&quot;classic&quot;}\">\n\t\t\t\t\t\t\t<div class=\"elementor-background-overlay\"><\/div>\n\t\t\t\t\t\t\t<div class=\"elementor-container elementor-column-gap-default\">\n\t\t\t\t\t<div class=\"elementor-column elementor-col-100 elementor-top-column elementor-element elementor-element-ab12842\" data-id=\"ab12842\" data-element_type=\"column\">\n\t\t\t<div class=\"elementor-widget-wrap elementor-element-populated\">\n\t\t\t\t\t\t<div class=\"elementor-element elementor-element-e4272ba elementor-widget elementor-widget-heading\" data-id=\"e4272ba\" data-element_type=\"widget\" data-widget_type=\"heading.default\">\n\t\t\t\t<div class=\"elementor-widget-container\">\n\t\t\t\t\t<h1 class=\"elementor-heading-title elementor-size-default\">Stations KOSTASystem<\/h1>\t\t\t\t<\/div>\n\t\t\t\t<\/div>\n\t\t\t\t\t<\/div>\n\t\t<\/div>\n\t\t\t\t\t<\/div>\n\t\t<\/section>\n\t\t\t\t<section class=\"elementor-section elementor-top-section elementor-element elementor-element-9689178 elementor-section-height-min-height elementor-section-boxed elementor-section-height-default elementor-section-items-middle\" data-id=\"9689178\" data-element_type=\"section\" data-settings=\"{&quot;background_background&quot;:&quot;classic&quot;}\">\n\t\t\t\t\t\t\t<div class=\"elementor-background-overlay\"><\/div>\n\t\t\t\t\t\t\t<div class=\"elementor-container elementor-column-gap-default\">\n\t\t\t\t\t<div class=\"elementor-column elementor-col-100 elementor-top-column elementor-element elementor-element-33caf23\" data-id=\"33caf23\" data-element_type=\"column\">\n\t\t\t<div class=\"elementor-widget-wrap elementor-element-populated\">\n\t\t\t\t\t\t<div class=\"elementor-element elementor-element-be94b87 elementor-widget elementor-widget-heading\" data-id=\"be94b87\" data-element_type=\"widget\" data-widget_type=\"heading.default\">\n\t\t\t\t<div class=\"elementor-widget-container\">\n\t\t\t\t\t<h3 class=\"elementor-heading-title elementor-size-default\">\nActuellement, 35 stations KOSTASystem observent les c\u00f4tes espagnoles et fran\u00e7aises pour les rendre plus s\u00fbres.\n<\/h3>\t\t\t\t<\/div>\n\t\t\t\t<\/div>\n\t\t\t\t<div class=\"elementor-element elementor-element-e0fe3d1 elementor-widget elementor-widget-image\" data-id=\"e0fe3d1\" data-element_type=\"widget\" data-widget_type=\"image.default\">\n\t\t\t\t<div class=\"elementor-widget-container\">\n\t\t\t\t\t\t\t\t\t\t\t\t\t\t\t<img fetchpriority=\"high\" decoding=\"async\" width=\"842\" height=\"595\" src=\"https:\/\/www.kostasystem.com\/wp-content\/uploads\/2024\/07\/MAPA_KOSTASYSTEM_ESTACIONES2-3.jpg\" class=\"attachment-large size-large wp-image-1399\" alt=\"MAPA_KOSTASYSTEM_ESTACIONES2\" srcset=\"https:\/\/www.kostasystem.com\/wp-content\/uploads\/2024\/07\/MAPA_KOSTASYSTEM_ESTACIONES2-3.jpg 842w, https:\/\/www.kostasystem.com\/wp-content\/uploads\/2024\/07\/MAPA_KOSTASYSTEM_ESTACIONES2-3-300x212.jpg 300w, https:\/\/www.kostasystem.com\/wp-content\/uploads\/2024\/07\/MAPA_KOSTASYSTEM_ESTACIONES2-3-768x543.jpg 768w\" sizes=\"(max-width: 842px) 100vw, 842px\" \/>\t\t\t\t\t\t\t\t\t\t\t\t\t\t\t<\/div>\n\t\t\t\t<\/div>\n\t\t\t\t\t<\/div>\n\t\t<\/div>\n\t\t\t\t\t<\/div>\n\t\t<\/section>\n\t\t<div class=\"elementor-element elementor-element-deb6f4e e-flex e-con-boxed e-con e-parent\" data-id=\"deb6f4e\" data-element_type=\"container\">\n\t\t\t\t\t<div class=\"e-con-inner\">\n\t\t<div class=\"elementor-element elementor-element-7971889 e-con-full e-flex e-con e-child\" data-id=\"7971889\" data-element_type=\"container\">\n\t\t\t\t<div class=\"elementor-element elementor-element-375d01f elementor-widget elementor-widget-heading\" data-id=\"375d01f\" data-element_type=\"widget\" data-widget_type=\"heading.default\">\n\t\t\t\t<div class=\"elementor-widget-container\">\n\t\t\t\t\t<h3 class=\"elementor-heading-title elementor-size-default\">La c\u00f4te basque compte 27 stations KOSTASystem op\u00e9rationnelles (Euskadi et Nouvelle Aquitaine).<\/h3>\t\t\t\t<\/div>\n\t\t\t\t<\/div>\n\t\t\t\t<div class=\"elementor-element elementor-element-7bd0f8b elementor-widget elementor-widget-image\" data-id=\"7bd0f8b\" data-element_type=\"widget\" data-widget_type=\"image.default\">\n\t\t\t\t<div class=\"elementor-widget-container\">\n\t\t\t\t\t\t\t\t\t\t\t\t\t\t\t<img decoding=\"async\" width=\"1024\" height=\"283\" src=\"https:\/\/www.kostasystem.com\/wp-content\/uploads\/2024\/11\/ubicaciones_kostasystem-1024x283.jpg\" class=\"attachment-large size-large wp-image-1831\" alt=\"ubicaciones_kostasystem\" srcset=\"https:\/\/www.kostasystem.com\/wp-content\/uploads\/2024\/11\/ubicaciones_kostasystem-1024x283.jpg 1024w, https:\/\/www.kostasystem.com\/wp-content\/uploads\/2024\/11\/ubicaciones_kostasystem-300x83.jpg 300w, https:\/\/www.kostasystem.com\/wp-content\/uploads\/2024\/11\/ubicaciones_kostasystem-768x212.jpg 768w, https:\/\/www.kostasystem.com\/wp-content\/uploads\/2024\/11\/ubicaciones_kostasystem-1536x424.jpg 1536w, https:\/\/www.kostasystem.com\/wp-content\/uploads\/2024\/11\/ubicaciones_kostasystem.jpg 1580w\" sizes=\"(max-width: 1024px) 100vw, 1024px\" \/>\t\t\t\t\t\t\t\t\t\t\t\t\t\t\t<\/div>\n\t\t\t\t<\/div>\n\t\t\t\t<\/div>\n\t\t\t\t\t<\/div>\n\t\t\t\t<\/div>\n\t\t<div class=\"elementor-element elementor-element-8a56b37 e-flex e-con-boxed e-con e-parent\" data-id=\"8a56b37\" data-element_type=\"container\">\n\t\t\t\t\t<div class=\"e-con-inner\">\n\t\t\t\t<div class=\"elementor-element elementor-element-09d183b elementor-widget elementor-widget-toggle\" data-id=\"09d183b\" data-element_type=\"widget\" data-widget_type=\"toggle.default\">\n\t\t\t\t<div class=\"elementor-widget-container\">\n\t\t\t\t\t\t\t<div class=\"elementor-toggle\">\n\t\t\t\t\t\t\t<div class=\"elementor-toggle-item\">\n\t\t\t\t\t<div id=\"elementor-tab-title-1021\" class=\"elementor-tab-title\" data-tab=\"1\" role=\"button\" aria-controls=\"elementor-tab-content-1021\" aria-expanded=\"false\">\n\t\t\t\t\t\t\t\t\t\t\t\t<span class=\"elementor-toggle-icon elementor-toggle-icon-left\" aria-hidden=\"true\">\n\t\t\t\t\t\t\t\t\t\t\t\t\t\t\t<span class=\"elementor-toggle-icon-closed\"><svg class=\"e-font-icon-svg e-fas-caret-right\" viewBox=\"0 0 192 512\" xmlns=\"http:\/\/www.w3.org\/2000\/svg\"><path d=\"M0 384.662V127.338c0-17.818 21.543-26.741 34.142-14.142l128.662 128.662c7.81 7.81 7.81 20.474 0 28.284L34.142 398.804C21.543 411.404 0 402.48 0 384.662z\"><\/path><\/svg><\/span>\n\t\t\t\t\t\t\t\t<span class=\"elementor-toggle-icon-opened\"><svg class=\"elementor-toggle-icon-opened e-font-icon-svg e-fas-caret-up\" viewBox=\"0 0 320 512\" xmlns=\"http:\/\/www.w3.org\/2000\/svg\"><path d=\"M288.662 352H31.338c-17.818 0-26.741-21.543-14.142-34.142l128.662-128.662c7.81-7.81 20.474-7.81 28.284 0l128.662 128.662c12.6 12.599 3.676 34.142-14.142 34.142z\"><\/path><\/svg><\/span>\n\t\t\t\t\t\t\t\t\t\t\t\t\t<\/span>\n\t\t\t\t\t\t\t\t\t\t\t\t<a class=\"elementor-toggle-title\" tabindex=\"0\">EUSKADI<\/a>\n\t\t\t\t\t<\/div>\n\n\t\t\t\t\t<div id=\"elementor-tab-content-1021\" class=\"elementor-tab-content elementor-clearfix\" data-tab=\"1\" role=\"region\" aria-labelledby=\"elementor-tab-title-1021\">&nbsp;\n\n<style>\n        table {<br \/>\n            width: 100%;<br \/>\n            border-collapse: collapse;<br \/>\n        }<br \/>\n        th, td {<br \/>\n            padding: 8px;<br \/>\n            text-align: center;<br \/>\n        }<br \/>\n        tr {<br \/>\n            border-bottom: 1px solid #ddd;<br \/>\n        }<br \/>\n        @media (max-width: 600px) {<br \/>\n            table, thead, tbody, th, td, tr {<br \/>\n                display: block;<br \/>\n            }<br \/>\n            th, td {<br \/>\n                width: 100%;<br \/>\n                box-sizing: border-box;<br \/>\n            }<br \/>\n        }<br \/>\n    <\/style>\n\n&nbsp;\n<table>\n<tbody>\n<tr>\n<th><strong>LIEU<\/strong><\/th>\n<th><strong>VISOR<\/strong><\/th>\n<th><strong>CLIENT\/UTILISATEUR<\/strong><\/th>\n<th><strong>OP\u00c9RATEUR<\/strong><\/th>\n<th><strong>SERVICES<\/strong><\/th>\n<th><strong>D\u00c9BUT<\/strong><\/th>\n<\/tr>\n<tr>\n<td><strong>Muskiz (La Arena)<\/strong><\/td>\n<td><a href=\"https:\/\/www.kostasystem.com\/wp-content\/uploads\/irudiak\/muskiz\/camara5_snap.jpeg\"><img decoding=\"async\" src=\"https:\/\/www.kostasystem.com\/wp-content\/uploads\/2024\/11\/sombrilla-e3b447.svg\" \/><\/a> <a href=\"https:\/\/www.kostasystem.com\/wp-content\/uploads\/irudiak\/muskiz\/camara1_snap.jpeg\"><img decoding=\"async\" src=\"https:\/\/www.kostasystem.com\/wp-content\/uploads\/2024\/11\/olas-dc1da9.svg\" \/><\/a><\/td>\n<td>Diputaci\u00f3n Foral de Bizkaia<\/td>\n<td>AZTI<\/td>\n<td>1. Suivi morphologique<\/td>\n<td>2012<\/td>\n<\/tr>\n<tr>\n<td><strong>Zierbena (Punta Luzero)<\/strong><\/td>\n<td><\/td>\n<td>Autoridad Portuaria Bilbao<\/td>\n<td>AZTI<\/td>\n<td>3. Impact sur la c\u00f4te<\/td>\n<td>2022<\/td>\n<\/tr>\n<tr>\n<td><strong>Getxo (Arrigunaga)<\/strong><\/td>\n<td><a href=\"https:\/\/www.kostasystem.com\/wp-content\/uploads\/irudiak\/arrigunaga\/camara1_snap.jpeg\"><img decoding=\"async\" src=\"https:\/\/www.kostasystem.com\/wp-content\/uploads\/2024\/11\/sombrilla-e3b447.svg\" \/><\/a> <a href=\"https:\/\/www.kostasystem.com\/wp-content\/uploads\/irudiak\/arrigunaga\/camara2_snap.jpeg\"><img decoding=\"async\" src=\"https:\/\/www.kostasystem.com\/wp-content\/uploads\/2024\/11\/olas-dc1da9.svg\" \/><\/a><\/td>\n<td>Autoridad Portuaria Bilbao<\/td>\n<td>AZTI<\/td>\n<td>1. Suivi morphologique<\/td>\n<td>2017<\/td>\n<\/tr>\n<tr>\n<td><strong>Sopela (Barinatxe-La Salvaje)<\/strong><\/td>\n<td><a href=\"https:\/\/www.kostasystem.com\/wp-content\/uploads\/irudiak\/barinatxe\/camara2_snap.jpeg\"><img decoding=\"async\" src=\"https:\/\/www.kostasystem.com\/wp-content\/uploads\/2024\/11\/sombrilla-e3b447.svg\" \/><\/a><\/td>\n<td>Autoridad Portuaria Bilbao<\/td>\n<td>AZTI<\/td>\n<td>1. Suivi morphologique<\/td>\n<td>2018<\/td>\n<\/tr>\n<tr>\n<td><strong>Sopela (Arriatera-Atxabiribil)<\/strong><\/td>\n<td><a href=\"https:\/\/www.kostasystem.com\/wp-content\/uploads\/irudiak\/arriatera\/camara1_snap.jpeg\"><img decoding=\"async\" src=\"https:\/\/www.kostasystem.com\/wp-content\/uploads\/2024\/11\/sombrilla-e3b447.svg\" \/><\/a><\/td>\n<td>Diputaci\u00f3n Foral de Bizkaia<\/td>\n<td>AZTI<\/td>\n<td>1. Suivi morphologique<\/td>\n<td>2018<\/td>\n<\/tr>\n<tr>\n<td><strong>Bakio<\/strong><\/td>\n<td><a href=\"https:\/\/www.kostasystem.com\/wp-content\/uploads\/irudiak\/bakio\/camara1_snap.jpeg\"><img decoding=\"async\" src=\"https:\/\/www.kostasystem.com\/wp-content\/uploads\/2024\/11\/sombrilla-e3b447.svg\" \/><\/a> <a href=\"https:\/\/www.kostasystem.com\/wp-content\/uploads\/irudiak\/bakio\/camara2_snap.jpeg\"><img decoding=\"async\" src=\"https:\/\/www.kostasystem.com\/wp-content\/uploads\/2024\/11\/olas-dc1da9.svg\" \/><\/a><\/td>\n<td>Diputaci\u00f3n Foral de Bizkaia<\/td>\n<td>AZTI<\/td>\n<td>1. Suivi morphologique<\/td>\n<td>2009<\/td>\n<\/tr>\n<tr>\n<td><strong>Bermeo (Puerto)<\/strong><\/td>\n<td><\/td>\n<td>DAEM<\/td>\n<td>AZTI<\/td>\n<td>3. Impact sur la c\u00f4te<\/td>\n<td>2017<\/td>\n<\/tr>\n<tr>\n<td><strong>Mundaka<\/strong><\/td>\n<td><a href=\"https:\/\/www.kostasystem.com\/wp-content\/uploads\/irudiak\/mundaka\/camara4_snap.jpeg\"><img decoding=\"async\" src=\"https:\/\/www.kostasystem.com\/wp-content\/uploads\/2024\/11\/sombrilla-e3b447.svg\" \/><\/a> <a href=\"https:\/\/www.kostasystem.com\/wp-content\/uploads\/irudiak\/mundaka\/camara1_snap.jpeg\"><img decoding=\"async\" src=\"https:\/\/www.kostasystem.com\/wp-content\/uploads\/2024\/11\/olas-dc1da9.svg\" \/><\/a><\/td>\n<td>Diputaci\u00f3n Foral de Bizkaia<\/td>\n<td>AZTI<\/td>\n<td>1. Suivi morphologique<\/td>\n<td>2007<\/td>\n<\/tr>\n<tr>\n<td><strong>Ibarrangelu (Laga)<\/strong><\/td>\n<td><a href=\"https:\/\/www.kostasystem.com\/wp-content\/uploads\/irudiak\/laga\/camara1_snap.jpeg\"><img decoding=\"async\" src=\"https:\/\/www.kostasystem.com\/wp-content\/uploads\/2024\/11\/sombrilla-e3b447.svg\" \/><\/a> <a href=\"https:\/\/www.kostasystem.com\/wp-content\/uploads\/irudiak\/laga\/camara2_snap.jpeg\"><img decoding=\"async\" src=\"https:\/\/www.kostasystem.com\/wp-content\/uploads\/2024\/11\/olas-dc1da9.svg\" \/><\/a><\/td>\n<td>Diputaci\u00f3n Foral de Bizkaia<\/td>\n<td>AZTI<\/td>\n<td>1. Suivi morphologique<\/td>\n<td>2019<\/td>\n<\/tr>\n<tr>\n<td><strong>Mutriku (Saturraran)<\/strong><\/td>\n<td><\/td>\n<td>Diputaci\u00f3n Foral de Gipuzkoa<\/td>\n<td>AZTI, Isurki, Serbitzu<\/td>\n<td>1. Suivi morphologique 2. Gestion des plages<\/td>\n<td>2019<\/td>\n<\/tr>\n<tr>\n<td><strong>Mutriku (Puerto)<\/strong><\/td>\n<td><\/td>\n<td>DAEM<\/td>\n<td>AZTI, Isurki<\/td>\n<td>3. Impact sur la c\u00f4te<\/td>\n<td>2021<\/td>\n<\/tr>\n<tr>\n<td><strong>Mutriku (Ondarbeltz)<\/strong><\/td>\n<td><\/td>\n<td>Diputaci\u00f3n Foral de Gipuzkoa<\/td>\n<td>AZTI, Isurki, Serbitzu<\/td>\n<td>1. Suivi morphologique 2. Gestion des plages<\/td>\n<td>2021<\/td>\n<\/tr>\n<tr>\n<td><strong>Deba (Santiago)<\/strong><\/td>\n<td><\/td>\n<td>Diputaci\u00f3n Foral de Gipuzkoa<\/td>\n<td>AZTI, Isurki, Serbitzu<\/td>\n<td>1. Suivi morphologique 2. Gestion des plages<\/td>\n<td>2018<\/td>\n<\/tr>\n<tr>\n<td><strong>Zumaia (Itzurun)<\/strong><\/td>\n<td><\/td>\n<td>Diputaci\u00f3n Foral de Gipuzkoa<\/td>\n<td>AZTI, Isurki, Serbitzu<\/td>\n<td>1. Suivi morphologique 2. Gestion des plages<\/td>\n<td>2019<\/td>\n<\/tr>\n<tr>\n<td><strong>Zumaia (Santiago)<\/strong><\/td>\n<td><\/td>\n<td>Diputaci\u00f3n Foral de Gipuzkoa<\/td>\n<td>AZTI, Isurki, Serbitzu<\/td>\n<td>1. Suivi morphologique 2. Gestion des plages<\/td>\n<td>2019<\/td>\n<\/tr>\n<tr>\n<td><strong>Getaria (Gaztetape)<\/strong><\/td>\n<td><\/td>\n<td>Diputaci\u00f3n Foral de Gipuzkoa<\/td>\n<td>AZTI, Isurki, Serbitzu<\/td>\n<td>1. Suivi morphologique 2. Gestion des plages<\/td>\n<td>2019<\/td>\n<\/tr>\n<tr>\n<td><strong>Getaria (Malkorbe)<\/strong><\/td>\n<td><\/td>\n<td>Diputaci\u00f3n Foral de Gipuzkoa<\/td>\n<td>AZTI, Isurki, Serbitzu<\/td>\n<td>1. Suivi morphologique 2. Gestion des plages<\/td>\n<td>2019<\/td>\n<\/tr>\n<tr>\n<td><strong>Zarautz<\/strong><\/td>\n<td><a href=\"https:\/\/www.kostasystem.com\/wp-content\/uploads\/irudiak\/zarautz\/camara1_snap.jpeg\"><img decoding=\"async\" src=\"https:\/\/www.kostasystem.com\/wp-content\/uploads\/2024\/11\/sombrilla-e3b447.svg\" \/><\/a> <a href=\"https:\/\/www.kostasystem.com\/wp-content\/uploads\/irudiak\/zarautz\/camara4_snap.jpeg\"><img decoding=\"async\" src=\"https:\/\/www.kostasystem.com\/wp-content\/uploads\/2024\/11\/olas-dc1da9.svg\" \/><\/a><\/td>\n<td>Diputaci\u00f3n Foral de Gipuzkoa, DAEM, Ayto Zarautz<\/td>\n<td>AZTI, Isurki, Serbitzu, KOSTARISK<\/td>\n<td>1. Suivi morphologique 2. Gestion des plages 3. Impact sur la c\u00f4te<\/td>\n<td>2010<\/td>\n<\/tr>\n<tr>\n<td><strong>Orio (Antilla)<\/strong><\/td>\n<td><\/td>\n<td>Diputaci\u00f3n Foral de Gipuzkoa<\/td>\n<td>AZTI, Isurki, Serbitzu<\/td>\n<td>1. Suivi morphologique 2. Gestion des plages<\/td>\n<td>2019<\/td>\n<\/tr>\n<tr>\n<td><strong>Donostia (Ondarreta)<\/strong><\/td>\n<td><\/td>\n<td>URBANKLIMA + Ayto SS + DFG<\/td>\n<td>AZTI, Isurki, Serbitzu<\/td>\n<td>1. Suivi morphologique 2. Gestion des plages<\/td>\n<td>2020<\/td>\n<\/tr>\n<tr>\n<td><strong>Donostia (Kontxa)<\/strong><\/td>\n<td><\/td>\n<td>URBANKLIMA + Ayto SS + DFG<\/td>\n<td>AZTI, Isurki, Serbitzu<\/td>\n<td>1. Suivi morphologique 2. Gestion des plages 3. Impact sur la c\u00f4te<\/td>\n<td>2020<\/td>\n<\/tr>\n<tr>\n<td><strong>Donostia (Zurriola)<\/strong><\/td>\n<td><\/td>\n<td>URBANKLIMA + Ayto SS + DFG<\/td>\n<td>AZTI, Isurki, Serbitzu<\/td>\n<td>1. Suivi morphologique 2. Gestion des plages 3. Impact sur la c\u00f4te<\/td>\n<td>2020<\/td>\n<\/tr>\n<tr>\n<td><strong>Pasaia<\/strong><\/td>\n<td><a href=\"https:\/\/www.kostasystem.com\/wp-content\/uploads\/irudiak\/pasaia\/camara1_snap.jpeg\"><img decoding=\"async\" src=\"https:\/\/www.kostasystem.com\/wp-content\/uploads\/2024\/11\/barco-3862cb.svg\" \/><\/a><\/td>\n<td>Oarsoaldea + Autoridad Portuaria Pasaia<\/td>\n<td>AZTI, Isurki, Serbitzu<\/td>\n<td>4. Trafic maritime<\/td>\n<td>2022<\/td>\n<\/tr>\n<tr>\n<td><strong>Hondarribia<\/strong><\/td>\n<td><\/td>\n<td>Diputaci\u00f3n Foral de Gipuzkoa<\/td>\n<td>AZTI, Isurki, Serbitzu<\/td>\n<td>1. Suivi morphologique 2. Gestion des plages<\/td>\n<td>2019<\/td>\n<\/tr>\n<\/tbody>\n<\/table>\n&nbsp;<\/div>\n\t\t\t\t<\/div>\n\t\t\t\t\t\t\t<div class=\"elementor-toggle-item\">\n\t\t\t\t\t<div id=\"elementor-tab-title-1022\" class=\"elementor-tab-title\" data-tab=\"2\" role=\"button\" aria-controls=\"elementor-tab-content-1022\" aria-expanded=\"false\">\n\t\t\t\t\t\t\t\t\t\t\t\t<span class=\"elementor-toggle-icon elementor-toggle-icon-left\" aria-hidden=\"true\">\n\t\t\t\t\t\t\t\t\t\t\t\t\t\t\t<span class=\"elementor-toggle-icon-closed\"><svg class=\"e-font-icon-svg e-fas-caret-right\" viewBox=\"0 0 192 512\" xmlns=\"http:\/\/www.w3.org\/2000\/svg\"><path d=\"M0 384.662V127.338c0-17.818 21.543-26.741 34.142-14.142l128.662 128.662c7.81 7.81 7.81 20.474 0 28.284L34.142 398.804C21.543 411.404 0 402.48 0 384.662z\"><\/path><\/svg><\/span>\n\t\t\t\t\t\t\t\t<span class=\"elementor-toggle-icon-opened\"><svg class=\"elementor-toggle-icon-opened e-font-icon-svg e-fas-caret-up\" viewBox=\"0 0 320 512\" xmlns=\"http:\/\/www.w3.org\/2000\/svg\"><path d=\"M288.662 352H31.338c-17.818 0-26.741-21.543-14.142-34.142l128.662-128.662c7.81-7.81 20.474-7.81 28.284 0l128.662 128.662c12.6 12.599 3.676 34.142-14.142 34.142z\"><\/path><\/svg><\/span>\n\t\t\t\t\t\t\t\t\t\t\t\t\t<\/span>\n\t\t\t\t\t\t\t\t\t\t\t\t<a class=\"elementor-toggle-title\" tabindex=\"0\">LES ILES CANARIES<\/a>\n\t\t\t\t\t<\/div>\n\n\t\t\t\t\t<div id=\"elementor-tab-content-1022\" class=\"elementor-tab-content elementor-clearfix\" data-tab=\"2\" role=\"region\" aria-labelledby=\"elementor-tab-title-1022\"><table width=\"753\">\n<tbody>\n<tr>\n<td width=\"160\"><strong>LIEU<\/strong><\/td>\n<td width=\"181\"><strong>CLIENT\/UTILISATEUR<\/strong><\/td>\n<td width=\"127\"><strong>OP\u00c9RATEUR<\/strong><\/td>\n<td width=\"205\"><strong>SERVICES<\/strong><\/td>\n<td width=\"80\"><strong>D\u00c9BUT<\/strong><\/td>\n<\/tr>\n<tr>\n<td width=\"160\">Arona (Las Vistas)<\/td>\n<td width=\"181\">Mairie d&rsquo;Arona + Valoriza<\/td>\n<td width=\"127\">AZTI, Monentia<\/td>\n<td width=\"205\">1.Suivi morphologique\n3.Impact sur la c\u00f4te<\/td>\n<td width=\"80\">2022<\/td>\n<\/tr>\n<tr>\n<td width=\"160\">Arona (Los Cristianos)<\/td>\n<td width=\"181\">Mairie d&rsquo;Arona + Valoriza<\/td>\n<td width=\"127\">AZTI, Monentia<\/td>\n<td width=\"205\">1.Suivi morphologique\n3.Impact sur la c\u00f4te<\/td>\n<td width=\"80\">2022<\/td>\n<\/tr>\n<tr>\n<td width=\"160\">Las Palmas de Gran Canaria (Las Canteras)<\/td>\n<td width=\"181\">Mairie de Las Palmas de Gran Canarias<\/td>\n<td width=\"127\">AZTI, Minsait<\/td>\n<td width=\"205\">1.Suivi morphologique\n2.Gestion des plages\n3.Impact sur la c\u00f4te<\/td>\n<td width=\"80\">2022-2023<\/td>\n<\/tr>\n<tr>\n<td width=\"160\">Las Palmas de Gran Canaria (La Laja)<\/td>\n<td width=\"181\">Mairie de Las Palmas de Gran Canarias<\/td>\n<td width=\"127\">AZTI, Minsait<\/td>\n<td width=\"205\">1.Suivi morphologique\n2.Gestion des plages\n3.Impact sur la c\u00f4te<\/td>\n<td width=\"80\">2022-2023<\/td>\n<\/tr>\n<tr>\n<td width=\"160\">Las Palmas de Gran Canaria (Las Alcaravaneras)<\/td>\n<td width=\"181\">Mairie de Las Palmas de Gran Canarias<\/td>\n<td width=\"127\">AZTI, Minsait<\/td>\n<td width=\"205\">1.Suivi morphologique\n2.Gestion des plages\n3.Impact sur la c\u00f4te<\/td>\n<td width=\"80\">2022-2023<\/td>\n<\/tr>\n<\/tbody>\n<\/table><\/div>\n\t\t\t\t<\/div>\n\t\t\t\t\t\t\t<div class=\"elementor-toggle-item\">\n\t\t\t\t\t<div id=\"elementor-tab-title-1023\" class=\"elementor-tab-title\" data-tab=\"3\" role=\"button\" aria-controls=\"elementor-tab-content-1023\" aria-expanded=\"false\">\n\t\t\t\t\t\t\t\t\t\t\t\t<span class=\"elementor-toggle-icon elementor-toggle-icon-left\" aria-hidden=\"true\">\n\t\t\t\t\t\t\t\t\t\t\t\t\t\t\t<span class=\"elementor-toggle-icon-closed\"><svg class=\"e-font-icon-svg e-fas-caret-right\" viewBox=\"0 0 192 512\" xmlns=\"http:\/\/www.w3.org\/2000\/svg\"><path d=\"M0 384.662V127.338c0-17.818 21.543-26.741 34.142-14.142l128.662 128.662c7.81 7.81 7.81 20.474 0 28.284L34.142 398.804C21.543 411.404 0 402.48 0 384.662z\"><\/path><\/svg><\/span>\n\t\t\t\t\t\t\t\t<span class=\"elementor-toggle-icon-opened\"><svg class=\"elementor-toggle-icon-opened e-font-icon-svg e-fas-caret-up\" viewBox=\"0 0 320 512\" xmlns=\"http:\/\/www.w3.org\/2000\/svg\"><path d=\"M288.662 352H31.338c-17.818 0-26.741-21.543-14.142-34.142l128.662-128.662c7.81-7.81 20.474-7.81 28.284 0l128.662 128.662c12.6 12.599 3.676 34.142-14.142 34.142z\"><\/path><\/svg><\/span>\n\t\t\t\t\t\t\t\t\t\t\t\t\t<\/span>\n\t\t\t\t\t\t\t\t\t\t\t\t<a class=\"elementor-toggle-title\" tabindex=\"0\">FRANCE (AQUITAINE + OCCITANIE)<\/a>\n\t\t\t\t\t<\/div>\n\n\t\t\t\t\t<div id=\"elementor-tab-content-1023\" class=\"elementor-tab-content elementor-clearfix\" data-tab=\"3\" role=\"region\" aria-labelledby=\"elementor-tab-title-1023\"><table width=\"813\"><tbody><tr><td width=\"183\"><p><strong>LIEU<\/strong><\/p><\/td><td width=\"183\"><p><strong>CLIENT\/UTILISATEUR <\/strong><\/p><\/td><td width=\"160\"><p><strong>OP\u00c9RATEUR <\/strong><\/p><\/td><td width=\"207\"><p><strong>SERVICES <\/strong><\/p><\/td><td width=\"80\"><p><strong>D\u00c9BUT<\/strong><\/p><\/td><\/tr><tr><td width=\"183\"><p>Biarritz (Grand Plage)<\/p><\/td><td width=\"183\"><p>Biarritz municipality<\/p><\/td><td width=\"160\"><p>KOSTARISK (UPPA, RPT)<\/p><\/td><td width=\"207\"><p>1.Suivi morphologique<br \/>3.Impact sur la c\u00f4te<\/p><\/td><td width=\"80\"><p>2017<\/p><\/td><\/tr><tr><td width=\"183\"><p>Anglet (Plages Sud)<\/p><\/td><td width=\"183\"><p>Research<\/p><\/td><td width=\"160\"><p>UPPA<\/p><\/td><td width=\"207\"><p>1.Suivi morphologique<br \/>3.Impact sur la c\u00f4te<\/p><\/td><td width=\"80\"><p>2013<\/p><\/td><\/tr><tr><td width=\"183\"><p>Anglet (Adour)<\/p><\/td><td width=\"183\"><p>CAPB, Kosta Garbia<\/p><\/td><td width=\"160\"><p>RPT<\/p><\/td><td width=\"207\"><p>1.Suivi morphologique <br \/>3.Impact sur la c\u00f4te<\/p><\/td><td width=\"80\"><p>2018<\/p><\/td><\/tr><tr><td width=\"183\"><p>Ciboure (Sokoa)<\/p><\/td><td width=\"183\"><p>Research<\/p><\/td><td width=\"160\"><p>KOSTARISK (UPPA, RPT)<\/p><\/td><td width=\"207\"><p>1.Suivi morphologique <br \/>3.Impact sur la c\u00f4te<\/p><\/td><td width=\"80\"><p>2021<\/p><\/td><\/tr><tr><td width=\"183\"><p>Marseille (Huveaune)<\/p><\/td><td width=\"183\"><p>SERAMM, Marseille Provence M\u00e9tropole<\/p><\/td><td width=\"160\"><p>RPT<\/p><\/td><td width=\"207\"><p>2. Gestion des plages<br \/>3.Impact sur la c\u00f4te<\/p><\/td><td width=\"80\"><p>2019<\/p><\/td><\/tr><tr><td width=\"183\"><p>Saint Jean de Luz (Ste Barbe)<\/p><\/td><td width=\"183\"><p>CAPB, StJean municipality<\/p><\/td><td width=\"160\"><p>KOSTARISK (UPPA, RPT)<\/p><\/td><td width=\"207\"><p>3.Impact sur la c\u00f4te<\/p><\/td><td width=\"80\"><p>2024<\/p><\/td><\/tr><tr><td width=\"183\"><p>Saint Jean de Luz (Erromardie)<\/p><\/td><td width=\"183\"><p>CAPB, StJean municipality<\/p><\/td><td width=\"160\"><p>KOSTARISK (UPPA, RPT)<\/p><\/td><td width=\"207\"><p>3.Impact sur la c\u00f4te<\/p><\/td><td width=\"80\"><p>2024<\/p><\/td><\/tr><tr><td width=\"183\"><p>Marseillan (Port)<\/p><\/td><td width=\"183\"><p>Syndicat Mixte Bassin de Thau (SMBT), Marseillan municipality<\/p><\/td><td width=\"160\"><p>KOSTARISK (RPT, AZTI)<\/p><\/td><td width=\"207\"><p>1.Suivi morphologique <br \/>3.Impact sur la c\u00f4te<\/p><\/td><td width=\"80\"><p>2024<\/p><\/td><\/tr><tr><td width=\"183\"><p>Frontignan (Bergerie)<\/p><\/td><td width=\"183\"><p>Syndicat Mixte Bassin de Thau (SMBT), Frontignan municipality<\/p><\/td><td width=\"160\"><p>KOSTARISK (RPT, AZTI)<\/p><\/td><td width=\"207\"><p>1.Suivi morphologique <br \/>3.Impact sur la c\u00f4te<\/p><\/td><td width=\"80\"><p>2024<\/p><\/td><\/tr><\/tbody><\/table><\/div>\n\t\t\t\t<\/div>\n\t\t\t\t\t\t\t\t<\/div>\n\t\t\t\t\t\t<\/div>\n\t\t\t\t<\/div>\n\t\t\t\t<div class=\"elementor-element elementor-element-b2de279 elementor-widget elementor-widget-spacer\" data-id=\"b2de279\" data-element_type=\"widget\" data-widget_type=\"spacer.default\">\n\t\t\t\t<div class=\"elementor-widget-container\">\n\t\t\t\t\t\t\t<div class=\"elementor-spacer\">\n\t\t\t<div class=\"elementor-spacer-inner\"><\/div>\n\t\t<\/div>\n\t\t\t\t\t\t<\/div>\n\t\t\t\t<\/div>\n\t\t\t\t\t<\/div>\n\t\t\t\t<\/div>\n\t\t\t\t<\/div>\n\t\t","protected":false},"excerpt":{"rendered":"<p>Stations KOSTASystem Actuellement, 35 stations KOSTASystem observent les c\u00f4tes espagnoles et fran\u00e7aises pour les rendre plus s\u00fbres. La c\u00f4te basque compte 27 stations KOSTASystem op\u00e9rationnelles (Euskadi et Nouvelle Aquitaine). EUSKADI &nbsp; &nbsp; LIEU VISOR CLIENT\/UTILISATEUR OP\u00c9RATEUR SERVICES D\u00c9BUT Muskiz (La Arena) Diputaci\u00f3n Foral de Bizkaia AZTI 1. Suivi morphologique 2012 Zierbena (Punta Luzero) Autoridad Portuaria&hellip;&nbsp;<a href=\"https:\/\/www.kostasystem.com\/fr\/stations\/\" rel=\"bookmark\">Read More &raquo;<span class=\"screen-reader-text\">Stations<\/span><\/a><\/p>\n","protected":false},"author":2,"featured_media":0,"parent":0,"menu_order":0,"comment_status":"closed","ping_status":"closed","template":"page-templates\/template-pagebuilder-full-width.php","meta":{"neve_meta_sidebar":"","neve_meta_container":"","neve_meta_enable_content_width":"","neve_meta_content_width":0,"neve_meta_title_alignment":"","neve_meta_author_avatar":"","neve_post_elements_order":"","neve_meta_disable_header":"","neve_meta_disable_footer":"","neve_meta_disable_title":"on","neve_meta_reading_time":"","_themeisle_gutenberg_block_has_review":false,"_ti_tpc_template_sync":false,"_ti_tpc_template_id":"","footnotes":""},"class_list":["post-1607","page","type-page","status-publish","hentry"],"_links":{"self":[{"href":"https:\/\/www.kostasystem.com\/fr\/wp-json\/wp\/v2\/pages\/1607","targetHints":{"allow":["GET"]}}],"collection":[{"href":"https:\/\/www.kostasystem.com\/fr\/wp-json\/wp\/v2\/pages"}],"about":[{"href":"https:\/\/www.kostasystem.com\/fr\/wp-json\/wp\/v2\/types\/page"}],"author":[{"embeddable":true,"href":"https:\/\/www.kostasystem.com\/fr\/wp-json\/wp\/v2\/users\/2"}],"replies":[{"embeddable":true,"href":"https:\/\/www.kostasystem.com\/fr\/wp-json\/wp\/v2\/comments?post=1607"}],"version-history":[{"count":31,"href":"https:\/\/www.kostasystem.com\/fr\/wp-json\/wp\/v2\/pages\/1607\/revisions"}],"predecessor-version":[{"id":1937,"href":"https:\/\/www.kostasystem.com\/fr\/wp-json\/wp\/v2\/pages\/1607\/revisions\/1937"}],"wp:attachment":[{"href":"https:\/\/www.kostasystem.com\/fr\/wp-json\/wp\/v2\/media?parent=1607"}],"curies":[{"name":"wp","href":"https:\/\/api.w.org\/{rel}","templated":true}]}}