{"id":1602,"date":"2023-12-13T12:29:09","date_gmt":"2023-12-13T11:29:09","guid":{"rendered":"https:\/\/www.kostasystem.com\/tecnologia-kostasystem\/"},"modified":"2024-11-11T10:25:50","modified_gmt":"2024-11-11T09:25:50","slug":"technologie-kostasystem","status":"publish","type":"page","link":"https:\/\/www.kostasystem.com\/fr\/technologie-kostasystem\/","title":{"rendered":"Technologie KOSTASystem"},"content":{"rendered":"\t\t<div data-elementor-type=\"wp-page\" data-elementor-id=\"1602\" class=\"elementor elementor-1602 elementor-544\">\n\t\t\t\t\t\t<section class=\"elementor-section elementor-top-section elementor-element elementor-element-d48ba18 elementor-section-height-min-height elementor-section-boxed elementor-section-height-default elementor-section-items-middle\" data-id=\"d48ba18\" data-element_type=\"section\" data-settings=\"{&quot;background_background&quot;:&quot;classic&quot;}\">\n\t\t\t\t\t\t\t<div class=\"elementor-background-overlay\"><\/div>\n\t\t\t\t\t\t\t<div class=\"elementor-container elementor-column-gap-default\">\n\t\t\t\t\t<div class=\"elementor-column elementor-col-100 elementor-top-column elementor-element elementor-element-176f0eb\" data-id=\"176f0eb\" data-element_type=\"column\">\n\t\t\t<div class=\"elementor-widget-wrap elementor-element-populated\">\n\t\t\t\t\t\t<div class=\"elementor-element elementor-element-357d9be elementor-widget elementor-widget-heading\" data-id=\"357d9be\" data-element_type=\"widget\" data-widget_type=\"heading.default\">\n\t\t\t\t<div class=\"elementor-widget-container\">\n\t\t\t\t\t<h1 class=\"elementor-heading-title elementor-size-default\">Tecnolog\u00eda KOSTASystem<\/h1>\t\t\t\t<\/div>\n\t\t\t\t<\/div>\n\t\t\t\t\t<\/div>\n\t\t<\/div>\n\t\t\t\t\t<\/div>\n\t\t<\/section>\n\t\t\t\t<section class=\"elementor-section elementor-top-section elementor-element elementor-element-6d1a05a elementor-section-content-middle elementor-section-boxed elementor-section-height-default elementor-section-height-default\" data-id=\"6d1a05a\" data-element_type=\"section\" data-settings=\"{&quot;background_background&quot;:&quot;classic&quot;}\">\n\t\t\t\t\t\t<div class=\"elementor-container elementor-column-gap-default\">\n\t\t\t\t\t<div class=\"elementor-column elementor-col-50 elementor-top-column elementor-element elementor-element-923050e\" data-id=\"923050e\" data-element_type=\"column\">\n\t\t\t<div class=\"elementor-widget-wrap elementor-element-populated\">\n\t\t\t\t\t\t<div class=\"elementor-element elementor-element-ec96b82 elementor-widget elementor-widget-image\" data-id=\"ec96b82\" data-element_type=\"widget\" data-widget_type=\"image.default\">\n\t\t\t\t<div class=\"elementor-widget-container\">\n\t\t\t\t\t\t\t\t\t\t\t\t\t\t\t<img fetchpriority=\"high\" decoding=\"async\" width=\"1035\" height=\"1052\" src=\"https:\/\/www.kostasystem.com\/wp-content\/uploads\/2024\/06\/hardware_kostasystem02.jpg\" class=\"attachment-full size-full wp-image-1038\" alt=\"\" srcset=\"https:\/\/www.kostasystem.com\/wp-content\/uploads\/2024\/06\/hardware_kostasystem02.jpg 1035w, https:\/\/www.kostasystem.com\/wp-content\/uploads\/2024\/06\/hardware_kostasystem02-295x300.jpg 295w, https:\/\/www.kostasystem.com\/wp-content\/uploads\/2024\/06\/hardware_kostasystem02-1007x1024.jpg 1007w, https:\/\/www.kostasystem.com\/wp-content\/uploads\/2024\/06\/hardware_kostasystem02-768x781.jpg 768w\" sizes=\"(max-width: 1035px) 100vw, 1035px\" \/>\t\t\t\t\t\t\t\t\t\t\t\t\t\t\t<\/div>\n\t\t\t\t<\/div>\n\t\t\t\t<div class=\"elementor-element elementor-element-84104f8 elementor-widget elementor-widget-image\" data-id=\"84104f8\" data-element_type=\"widget\" data-widget_type=\"image.default\">\n\t\t\t\t<div class=\"elementor-widget-container\">\n\t\t\t\t\t\t\t\t\t\t\t\t\t\t\t<img decoding=\"async\" width=\"452\" height=\"270\" src=\"https:\/\/www.kostasystem.com\/wp-content\/uploads\/2024\/06\/hardware_kostasystem03.jpg\" class=\"attachment-large size-large wp-image-1041\" alt=\"\" srcset=\"https:\/\/www.kostasystem.com\/wp-content\/uploads\/2024\/06\/hardware_kostasystem03.jpg 452w, https:\/\/www.kostasystem.com\/wp-content\/uploads\/2024\/06\/hardware_kostasystem03-300x179.jpg 300w\" sizes=\"(max-width: 452px) 100vw, 452px\" \/>\t\t\t\t\t\t\t\t\t\t\t\t\t\t\t<\/div>\n\t\t\t\t<\/div>\n\t\t\t\t\t<\/div>\n\t\t<\/div>\n\t\t\t\t<div class=\"elementor-column elementor-col-50 elementor-top-column elementor-element elementor-element-2a5ea8a\" data-id=\"2a5ea8a\" data-element_type=\"column\">\n\t\t\t<div class=\"elementor-widget-wrap elementor-element-populated\">\n\t\t\t\t\t\t<div class=\"elementor-element elementor-element-56b0332 elementor-widget elementor-widget-heading\" data-id=\"56b0332\" data-element_type=\"widget\" data-widget_type=\"heading.default\">\n\t\t\t\t<div class=\"elementor-widget-container\">\n\t\t\t\t\t<h2 class=\"elementor-heading-title elementor-size-default\">Hardware<\/h2>\t\t\t\t<\/div>\n\t\t\t\t<\/div>\n\t\t\t\t<div class=\"elementor-element elementor-element-69d9903 elementor-widget elementor-widget-text-editor\" data-id=\"69d9903\" data-element_type=\"widget\" data-widget_type=\"text-editor.default\">\n\t\t\t\t<div class=\"elementor-widget-container\">\n\t\t\t\t\t\t\t\t\t<p>Une collaboration a \u00e9t\u00e9 \u00e9tablie avec la soci\u00e9t\u00e9 <span style=\"text-decoration: underline;\"><strong><a href=\"https:\/\/www.isurki.com\/\" target=\"_blank\" rel=\"noopener\">ISURKI<\/a><\/strong><\/span> SL en tant que partenaire industriel pour le d\u00e9veloppement du mat\u00e9riel. Gr\u00e2ce \u00e0 cette collaboration, un mat\u00e9riel sp\u00e9cifique bas\u00e9 sur la technologie ARM a \u00e9t\u00e9 con\u00e7u pour contr\u00f4ler les cam\u00e9ras et traiter les images. Les stations peuvent contr\u00f4ler (en fonction de la r\u00e9solution) entre 3 et 4 cam\u00e9ras GigE, avec un seul processeur et un syst\u00e8me de contr\u00f4le suppl\u00e9mentaire qui r\u00e9gule les temps de fonctionnement de chaque composant, optimisant ainsi la consommation du syst\u00e8me. Ceci a permis de r\u00e9duire la taille et la consommation des installations, permettant \u00e0 la plupart des stations actuellement install\u00e9es d&rsquo;\u00eatre des stations autonomes avec alimentation photovolta\u00efque qui int\u00e8grent tous les \u00e9l\u00e9ments de capture, de traitement et de transmission des donn\u00e9es n\u00e9cessaires \u00e0 la g\u00e9n\u00e9ration des diff\u00e9rents types d&rsquo;images utilis\u00e9es dans la surveillance. La seule infrastructure n\u00e9cessaire est donc l&rsquo;installation si besoin d&rsquo;un poteau \u00e0 l&rsquo;extr\u00e9mit\u00e9 sup\u00e9rieure duquel est plac\u00e9 le support sur lequel sont mont\u00e9s tous les \u00e9l\u00e9ments.<\/p><p>ISURKI est actuellement responsable de la fabrication, du montage et des tests d&rsquo;int\u00e9gration de toutes les stations, \u00e9tant le fournisseur de la technologie KOSTASystem.<\/p>\t\t\t\t\t\t\t\t<\/div>\n\t\t\t\t<\/div>\n\t\t\t\t\t<\/div>\n\t\t<\/div>\n\t\t\t\t\t<\/div>\n\t\t<\/section>\n\t\t\t\t<section class=\"elementor-section elementor-top-section elementor-element elementor-element-4f3b64f elementor-section-content-middle elementor-section-boxed elementor-section-height-default elementor-section-height-default\" data-id=\"4f3b64f\" data-element_type=\"section\" data-settings=\"{&quot;background_background&quot;:&quot;classic&quot;}\">\n\t\t\t\t\t\t<div class=\"elementor-container elementor-column-gap-default\">\n\t\t\t\t\t<div class=\"elementor-column elementor-col-50 elementor-top-column elementor-element elementor-element-4810f8b\" data-id=\"4810f8b\" data-element_type=\"column\">\n\t\t\t<div class=\"elementor-widget-wrap elementor-element-populated\">\n\t\t\t\t\t\t<div class=\"elementor-element elementor-element-1b5e8a3 elementor-widget elementor-widget-heading\" data-id=\"1b5e8a3\" data-element_type=\"widget\" data-widget_type=\"heading.default\">\n\t\t\t\t<div class=\"elementor-widget-container\">\n\t\t\t\t\t<h2 class=\"elementor-heading-title elementor-size-default\">Software<\/h2>\t\t\t\t<\/div>\n\t\t\t\t<\/div>\n\t\t\t\t<div class=\"elementor-element elementor-element-846c93a elementor-widget elementor-widget-text-editor\" data-id=\"846c93a\" data-element_type=\"widget\" data-widget_type=\"text-editor.default\">\n\t\t\t\t<div class=\"elementor-widget-container\">\n\t\t\t\t\t\t\t\t\t<p>Les produits les plus couramment utilis\u00e9s en vid\u00e9om\u00e9trie c\u00f4ti\u00e8re sont ceux issus du traitement temporel des images. Pour ce faire, un d\u00e9veloppement bas\u00e9 sur le logiciel open source SIRENA (Nieto et al., 2010) est utilis\u00e9. SIRENA cr\u00e9e 4 types d&rsquo;images : snap (images instantan\u00e9es), timex (images moyennes), var (images de variance) et timestack (images accumul\u00e9es dans le temps selon un profil d\u00e9fini). En g\u00e9n\u00e9ral, la dur\u00e9e du cycle est fix\u00e9e \u00e0 10 ou 20 minutes et la fr\u00e9quence \u00e0 1 ou 2 Hz, en fonction de l&rsquo;application. Ensuite, des algorithmes et des m\u00e9thodes d&rsquo;analyse d&rsquo;images d\u00e9velopp\u00e9s par AZTI et collaborateurs permettent d&rsquo;extraire les informations pour les diff\u00e9rents services.<\/p><p>Pour g\u00e9or\u00e9f\u00e9rencer les informations, AZTI dispose du logiciel KOSTA. Ce code est bas\u00e9 sur la m\u00e9thodologie propos\u00e9e par Holland et al., 1997, effectuant la calibration en deux \u00e9tapes (intrins\u00e8que et extrins\u00e8que) et permettant l&rsquo;orthorectification des images dans un plan z uniforme ou dans un maillage pr\u00e9d\u00e9fini du mod\u00e8le num\u00e9rique de terrain.<\/p>\t\t\t\t\t\t\t\t<\/div>\n\t\t\t\t<\/div>\n\t\t\t\t\t<\/div>\n\t\t<\/div>\n\t\t\t\t<div class=\"elementor-column elementor-col-50 elementor-top-column elementor-element elementor-element-6c6fa46\" data-id=\"6c6fa46\" data-element_type=\"column\">\n\t\t\t<div class=\"elementor-widget-wrap elementor-element-populated\">\n\t\t\t\t\t\t<div class=\"elementor-element elementor-element-ae82523 elementor-widget elementor-widget-image\" data-id=\"ae82523\" data-element_type=\"widget\" data-widget_type=\"image.default\">\n\t\t\t\t<div class=\"elementor-widget-container\">\n\t\t\t\t\t\t\t\t\t\t\t\t\t\t\t<img decoding=\"async\" src=\"https:\/\/www.kostasystem.com\/wp-content\/uploads\/2023\/12\/software_kostasystem-1.jpg\" title=\"software_kostasystem\" alt=\"software_kostasystem\" loading=\"lazy\" \/>\t\t\t\t\t\t\t\t\t\t\t\t\t\t\t<\/div>\n\t\t\t\t<\/div>\n\t\t\t\t\t<\/div>\n\t\t<\/div>\n\t\t\t\t\t<\/div>\n\t\t<\/section>\n\t\t<div class=\"elementor-element elementor-element-ff7c03f e-flex e-con-boxed e-con e-parent\" data-id=\"ff7c03f\" data-element_type=\"container\">\n\t\t\t\t\t<div class=\"e-con-inner\">\n\t\t<div class=\"elementor-element elementor-element-efb39f4 e-con-full e-flex e-con e-child\" data-id=\"efb39f4\" data-element_type=\"container\">\n\t\t\t\t<div class=\"elementor-element elementor-element-5eeb17e elementor-widget elementor-widget-heading\" data-id=\"5eeb17e\" data-element_type=\"widget\" data-widget_type=\"heading.default\">\n\t\t\t\t<div class=\"elementor-widget-container\">\n\t\t\t\t\t<h2 class=\"elementor-heading-title elementor-size-default\">Perspectives<\/h2>\t\t\t\t<\/div>\n\t\t\t\t<\/div>\n\t\t\t\t<div class=\"elementor-element elementor-element-4fbbe79 elementor-widget elementor-widget-text-editor\" data-id=\"4fbbe79\" data-element_type=\"widget\" data-widget_type=\"text-editor.default\">\n\t\t\t\t<div class=\"elementor-widget-container\">\n\t\t\t\t\t\t\t\t\t<p>AZTI, en collaboration avec diff\u00e9rents partenaires, travaille sur de nouveaux d\u00e9veloppements hardware et software afin d&rsquo;am\u00e9liorer les capacit\u00e9s et l&rsquo;efficacit\u00e9 de la technologie KOSTASystem (optimisation du bo\u00eetier, utilisation de cam\u00e9ras infrarouges, d\u00e9tection des d\u00e9bris flottants en rivi\u00e8re). En outre, les travaux en cours sur l&rsquo;int\u00e9gration des donn\u00e9es de vid\u00e9om\u00e9trie avec les outils de mod\u00e9lisation ouvrent la voie \u00e0 de nouvelles capacit\u00e9s de pr\u00e9vision avec des applications \u00e0 la fois long terme et court terme.<\/p><p>Enfin, les perspectives d&rsquo;application de la vid\u00e9om\u00e9trie \u00e0 un large \u00e9ventail de services c\u00f4tiers soul\u00e8vent l&rsquo;int\u00e9r\u00eat de cr\u00e9er une coordination europ\u00e9enne pour la gestion de ce type d\u2019observations. Cela permettrait d&rsquo;harmoniser les donn\u00e9es au sein de la communaut\u00e9 c\u00f4ti\u00e8re. <strong>EuroGOOS et EMODnet<\/strong> pourraient jouer un r\u00f4le important dans l&rsquo;int\u00e9gration de cette technologie dans un r\u00e9seau d&rsquo;observation cl\u00e9 du continuum mer-terre.<\/p>\t\t\t\t\t\t\t\t<\/div>\n\t\t\t\t<\/div>\n\t\t\t\t<\/div>\n\t\t\t\t\t<\/div>\n\t\t\t\t<\/div>\n\t\t\t\t<\/div>\n\t\t","protected":false},"excerpt":{"rendered":"<p>Tecnolog\u00eda KOSTASystem Hardware Une collaboration a \u00e9t\u00e9 \u00e9tablie avec la soci\u00e9t\u00e9 ISURKI SL en tant que partenaire industriel pour le d\u00e9veloppement du mat\u00e9riel. Gr\u00e2ce \u00e0 cette collaboration, un mat\u00e9riel sp\u00e9cifique bas\u00e9 sur la technologie ARM a \u00e9t\u00e9 con\u00e7u pour contr\u00f4ler les cam\u00e9ras et traiter les images. Les stations peuvent contr\u00f4ler (en fonction de la r\u00e9solution)&hellip;&nbsp;<a href=\"https:\/\/www.kostasystem.com\/fr\/technologie-kostasystem\/\" rel=\"bookmark\">Read More &raquo;<span class=\"screen-reader-text\">Technologie KOSTASystem<\/span><\/a><\/p>\n","protected":false},"author":2,"featured_media":0,"parent":0,"menu_order":0,"comment_status":"closed","ping_status":"closed","template":"page-templates\/template-pagebuilder-full-width.php","meta":{"neve_meta_sidebar":"","neve_meta_container":"","neve_meta_enable_content_width":"","neve_meta_content_width":0,"neve_meta_title_alignment":"","neve_meta_author_avatar":"","neve_post_elements_order":"","neve_meta_disable_header":"","neve_meta_disable_footer":"","neve_meta_disable_title":"on","neve_meta_reading_time":"","_themeisle_gutenberg_block_has_review":false,"_ti_tpc_template_sync":false,"_ti_tpc_template_id":"","footnotes":""},"class_list":["post-1602","page","type-page","status-publish","hentry"],"_links":{"self":[{"href":"https:\/\/www.kostasystem.com\/fr\/wp-json\/wp\/v2\/pages\/1602","targetHints":{"allow":["GET"]}}],"collection":[{"href":"https:\/\/www.kostasystem.com\/fr\/wp-json\/wp\/v2\/pages"}],"about":[{"href":"https:\/\/www.kostasystem.com\/fr\/wp-json\/wp\/v2\/types\/page"}],"author":[{"embeddable":true,"href":"https:\/\/www.kostasystem.com\/fr\/wp-json\/wp\/v2\/users\/2"}],"replies":[{"embeddable":true,"href":"https:\/\/www.kostasystem.com\/fr\/wp-json\/wp\/v2\/comments?post=1602"}],"version-history":[{"count":7,"href":"https:\/\/www.kostasystem.com\/fr\/wp-json\/wp\/v2\/pages\/1602\/revisions"}],"predecessor-version":[{"id":1907,"href":"https:\/\/www.kostasystem.com\/fr\/wp-json\/wp\/v2\/pages\/1602\/revisions\/1907"}],"wp:attachment":[{"href":"https:\/\/www.kostasystem.com\/fr\/wp-json\/wp\/v2\/media?parent=1602"}],"curies":[{"name":"wp","href":"https:\/\/api.w.org\/{rel}","templated":true}]}}