{"id":1591,"date":"2024-04-29T10:41:26","date_gmt":"2024-04-29T08:41:26","guid":{"rendered":"https:\/\/www.kostasystem.com\/servicios-de-playas\/"},"modified":"2024-07-11T12:01:17","modified_gmt":"2024-07-11T10:01:17","slug":"gestion-des-plages","status":"publish","type":"page","link":"https:\/\/www.kostasystem.com\/fr\/gestion-des-plages\/","title":{"rendered":"Gestion des plages"},"content":{"rendered":"\t\t<div data-elementor-type=\"wp-page\" data-elementor-id=\"1591\" class=\"elementor elementor-1591 elementor-618\">\n\t\t\t\t\t\t<section class=\"elementor-section elementor-top-section elementor-element elementor-element-93a8a67 elementor-section-height-min-height elementor-section-boxed elementor-section-height-default elementor-section-items-middle\" data-id=\"93a8a67\" data-element_type=\"section\" data-settings=\"{&quot;background_background&quot;:&quot;classic&quot;}\">\n\t\t\t\t\t\t\t<div class=\"elementor-background-overlay\"><\/div>\n\t\t\t\t\t\t\t<div class=\"elementor-container elementor-column-gap-default\">\n\t\t\t\t\t<div class=\"elementor-column elementor-col-100 elementor-top-column elementor-element elementor-element-814b649\" data-id=\"814b649\" data-element_type=\"column\">\n\t\t\t<div class=\"elementor-widget-wrap elementor-element-populated\">\n\t\t\t\t\t\t<div class=\"elementor-element elementor-element-c31565a elementor-widget elementor-widget-heading\" data-id=\"c31565a\" data-element_type=\"widget\" data-widget_type=\"heading.default\">\n\t\t\t\t<div class=\"elementor-widget-container\">\n\t\t\t\t\t<h1 class=\"elementor-heading-title elementor-size-default\">Services C\u00f4tiers<\/h1>\t\t\t\t<\/div>\n\t\t\t\t<\/div>\n\t\t\t\t\t<\/div>\n\t\t<\/div>\n\t\t\t\t\t<\/div>\n\t\t<\/section>\n\t\t<div class=\"elementor-element elementor-element-efb106a e-flex e-con-boxed e-con e-parent\" data-id=\"efb106a\" data-element_type=\"container\">\n\t\t\t\t\t<div class=\"e-con-inner\">\n\t\t<div class=\"elementor-element elementor-element-97c7e00 e-con-full e-flex e-con e-child\" data-id=\"97c7e00\" data-element_type=\"container\" data-settings=\"{&quot;background_background&quot;:&quot;classic&quot;}\">\n\t\t\t\t<div class=\"elementor-element elementor-element-2c78d8a elementor-position-left elementor-vertical-align-middle elementor-view-default elementor-mobile-position-top elementor-widget elementor-widget-icon-box\" data-id=\"2c78d8a\" data-element_type=\"widget\" data-widget_type=\"icon-box.default\">\n\t\t\t\t<div class=\"elementor-widget-container\">\n\t\t\t\t\t\t\t<div class=\"elementor-icon-box-wrapper\">\n\n\t\t\t\t\t\t<div class=\"elementor-icon-box-icon\">\n\t\t\t\t<span  class=\"elementor-icon elementor-animation-\">\n\t\t\t\t<svg xmlns=\"http:\/\/www.w3.org\/2000\/svg\" xmlns:xlink=\"http:\/\/www.w3.org\/1999\/xlink\" id=\"Capa_1\" x=\"0px\" y=\"0px\" viewBox=\"0 0 512 512\" style=\"enable-background:new 0 0 512 512;\" xml:space=\"preserve\"><g>\t<g>\t\t<path d=\"M503.616,340.789c-3.995-1.964-7.863-4.435-11.498-7.343c-26.924-21.539-61.435-25.393-91.087-11.594l-66.508-66.509   c31.45-1.831,56.476-27.988,56.476-59.887c0-33.084-26.916-59.999-59.999-59.999c-31.901,0-58.056,25.027-59.887,56.476   l-41.476-41.476l58.181-58.182c17.589-17.588,17.592-46.043,0-63.634c-17.544-17.545-46.09-17.545-63.634,0l-89.999,89.999   c-17.589,17.588-17.592,46.043,0,63.634l49.392,49.393L98.503,316.74c-26.112-7.084-54.333-1.524-77.121,16.705   c-3.998,3.198-8.268,5.86-12.692,7.913c-7.515,3.487-10.78,12.405-7.294,19.92c3.487,7.515,12.404,10.781,19.92,7.294   c6.604-3.064,12.932-7,18.807-11.701c21.609-17.288,50.647-17.289,72.258,0c32.684,26.148,75.931,26.247,108.74,0   c21.644-17.315,49.613-17.315,71.258,0c32.684,26.148,75.931,26.247,108.74,0c21.609-17.289,50.647-17.288,72.257,0   c5.333,4.268,11.054,7.915,17.003,10.839c7.434,3.656,16.424,0.591,20.079-6.842C514.113,353.434,511.05,344.444,503.616,340.789z    M331,165.457c16.542,0,30,13.458,30,30c0,16.542-13.458,30-30,30s-30-13.458-30-30C301,178.915,314.458,165.457,331,165.457z    M311.12,333.446c-16.059-12.847-34.859-19.637-54.37-19.637s-38.311,6.79-54.37,19.637c-21.645,17.315-49.614,17.315-71.258,0   c-1.292-1.034-2.608-2.012-3.934-2.965l88.208-88.208c5.858-5.858,5.858-15.355,0-21.213l-59.999-59.999   c-5.864-5.865-5.866-15.343,0-21.209l89.999-89.999c5.866-5.865,15.343-5.865,21.209,0c5.865,5.865,5.866,15.342,0,21.209   l-68.788,68.788c-5.858,5.858-5.858,15.355,0,21.213l177.362,177.362C354.78,350.548,330.433,348.897,311.12,333.446z\"><\/path>\t<\/g><\/g><g>\t<g>\t\t<path d=\"M503.616,400.788c-3.995-1.964-7.863-4.435-11.498-7.343c-32.82-26.256-76.921-26.255-109.739,0   c-21.645,17.315-49.614,17.315-71.258,0c-16.059-12.847-34.859-19.637-54.37-19.637s-38.311,6.79-54.37,19.637   c-21.645,17.315-49.614,17.315-71.258,0c-32.819-26.256-76.919-26.256-109.74,0c-3.998,3.198-8.268,5.86-12.692,7.913   c-7.515,3.487-10.78,12.405-7.294,19.92c3.487,7.515,12.404,10.781,19.92,7.294c6.604-3.064,12.932-7,18.807-11.701   c21.609-17.288,50.647-17.288,72.258,0c32.684,26.148,75.931,26.247,108.74,0c21.644-17.315,49.613-17.315,71.258,0   c32.684,26.148,75.931,26.247,108.74,0c21.609-17.288,50.647-17.288,72.257,0c5.333,4.268,11.054,7.915,17.003,10.839   c7.434,3.656,16.424,0.591,20.079-6.842C514.113,413.433,511.05,404.443,503.616,400.788z\"><\/path>\t<\/g><\/g><g>\t<g>\t\t<path d=\"M503.616,460.787c-3.995-1.964-7.863-4.435-11.498-7.343c-32.82-26.256-76.921-26.255-109.739,0   c-21.645,17.315-49.614,17.315-71.258,0c-16.059-12.847-34.859-19.637-54.37-19.637s-38.311,6.79-54.37,19.637   c-21.645,17.315-49.614,17.315-71.258,0c-32.819-26.256-76.919-26.255-109.74,0c-3.998,3.198-8.268,5.86-12.692,7.913   c-7.515,3.487-10.78,12.405-7.294,19.92c3.487,7.515,12.404,10.781,19.92,7.294c6.604-3.064,12.932-7,18.807-11.701   c21.609-17.288,50.647-17.289,72.258,0c32.684,26.148,75.931,26.247,108.74,0c21.644-17.315,49.613-17.315,71.258,0   c32.684,26.148,75.931,26.247,108.74,0c21.609-17.288,50.647-17.288,72.257,0c5.333,4.268,11.054,7.915,17.003,10.839   c7.434,3.656,16.424,0.591,20.079-6.842C514.113,473.432,511.05,464.442,503.616,460.787z\"><\/path>\t<\/g><\/g><g><\/g><g><\/g><g><\/g><g><\/g><g><\/g><g><\/g><g><\/g><g><\/g><g><\/g><g><\/g><g><\/g><g><\/g><g><\/g><g><\/g><g><\/g><\/svg>\t\t\t\t<\/span>\n\t\t\t<\/div>\n\t\t\t\n\t\t\t\t\t\t<div class=\"elementor-icon-box-content\">\n\n\t\t\t\t\t\t\t\t\t<h3 class=\"elementor-icon-box-title\">\n\t\t\t\t\t\t<span  >\n\t\t\t\t\t\t\tServices de plages\t\t\t\t\t\t<\/span>\n\t\t\t\t\t<\/h3>\n\t\t\t\t\n\t\t\t\t\n\t\t\t<\/div>\n\t\t\t\n\t\t<\/div>\n\t\t\t\t\t\t<\/div>\n\t\t\t\t<\/div>\n\t\t\t\t<div class=\"elementor-element elementor-element-9411ca5 elementor-widget elementor-widget-text-editor\" data-id=\"9411ca5\" data-element_type=\"widget\" data-widget_type=\"text-editor.default\">\n\t\t\t\t<div class=\"elementor-widget-container\">\n\t\t\t\t\t\t\t\t\t<h3><strong>D\u00e9tection et pr\u00e9diction des courants de ba\u00efnes\u00a0: des plages plus s\u00fbres<\/strong><\/h3><p>Un outil d&rsquo;\u00e9valuation et de pr\u00e9vision des risques li\u00e9s aux courants de retour a \u00e9t\u00e9 mis au point pour am\u00e9liorer la s\u00e9curit\u00e9 des plages pendant la saison baln\u00e9aire. Les images de la plage rectifi\u00e9es de type TIMEX sont envoy\u00e9es \u00e0 une application web accessible aux sauveteurs, afin de mieux surveiller la zone de d\u00e9ferlement des vagues et les courants d&rsquo;arrachement, ainsi que la morphologie des barres de sable. Ces images sont \u00e9galement utilis\u00e9es pour obtenir la bathym\u00e9trie de la zone de d\u00e9ferlement, qui est ensuite utilis\u00e9e pour pr\u00e9dire les sch\u00e9mas de circulation \u00e0 l&rsquo;aide de mod\u00e8les num\u00e9riques.<\/p><p>Ces informations sur les courants et les pr\u00e9visions de courants sont transmises aux \u00e9quipes de sauveteurs de la plage.<\/p>\t\t\t\t\t\t\t\t<\/div>\n\t\t\t\t<\/div>\n\t\t\t\t<div class=\"elementor-element elementor-element-afe4900 elementor-arrows-position-inside elementor-pagination-position-outside elementor-widget elementor-widget-image-carousel\" data-id=\"afe4900\" data-element_type=\"widget\" data-settings=\"{&quot;slides_to_show&quot;:&quot;1&quot;,&quot;navigation&quot;:&quot;both&quot;,&quot;autoplay&quot;:&quot;yes&quot;,&quot;pause_on_hover&quot;:&quot;yes&quot;,&quot;pause_on_interaction&quot;:&quot;yes&quot;,&quot;autoplay_speed&quot;:5000,&quot;infinite&quot;:&quot;yes&quot;,&quot;effect&quot;:&quot;slide&quot;,&quot;speed&quot;:500}\" data-widget_type=\"image-carousel.default\">\n\t\t\t\t<div class=\"elementor-widget-container\">\n\t\t\t\t\t\t\t<div class=\"elementor-image-carousel-wrapper swiper\" role=\"region\" aria-roledescription=\"carousel\" aria-label=\"Carrousel d\u2019images\" dir=\"ltr\">\n\t\t\t<div class=\"elementor-image-carousel swiper-wrapper\" aria-live=\"off\">\n\t\t\t\t\t\t\t\t<div class=\"swiper-slide\" role=\"group\" aria-roledescription=\"slide\" aria-label=\"1 sur 2\"><figure class=\"swiper-slide-inner\"><img decoding=\"async\" class=\"swiper-slide-image\" src=\"https:\/\/www.kostasystem.com\/wp-content\/uploads\/2024\/07\/deteccion_corrientes_playas.jpg\" alt=\"deteccion_corrientes_playas\" \/><figcaption class=\"elementor-image-carousel-caption\">Corrientes actuales<\/figcaption><\/figure><\/div><div class=\"swiper-slide\" role=\"group\" aria-roledescription=\"slide\" aria-label=\"2 sur 2\"><figure class=\"swiper-slide-inner\"><img decoding=\"async\" class=\"swiper-slide-image\" src=\"https:\/\/www.kostasystem.com\/wp-content\/uploads\/2024\/07\/deteccion_corrientes_playas_02.jpg\" alt=\"Corrientes predichas\" \/><figcaption class=\"elementor-image-carousel-caption\">Corrientes predichas<\/figcaption><\/figure><\/div>\t\t\t<\/div>\n\t\t\t\t\t\t\t\t\t\t\t\t<div class=\"elementor-swiper-button elementor-swiper-button-prev\" role=\"button\" tabindex=\"0\">\n\t\t\t\t\t\t<svg aria-hidden=\"true\" class=\"e-font-icon-svg e-eicon-chevron-left\" viewBox=\"0 0 1000 1000\" xmlns=\"http:\/\/www.w3.org\/2000\/svg\"><path d=\"M646 125C629 125 613 133 604 142L308 442C296 454 292 471 292 487 292 504 296 521 308 533L604 854C617 867 629 875 646 875 663 875 679 871 692 858 704 846 713 829 713 812 713 796 708 779 692 767L438 487 692 225C700 217 708 204 708 187 708 171 704 154 692 142 675 129 663 125 646 125Z\"><\/path><\/svg>\t\t\t\t\t<\/div>\n\t\t\t\t\t<div class=\"elementor-swiper-button elementor-swiper-button-next\" role=\"button\" tabindex=\"0\">\n\t\t\t\t\t\t<svg aria-hidden=\"true\" class=\"e-font-icon-svg e-eicon-chevron-right\" viewBox=\"0 0 1000 1000\" xmlns=\"http:\/\/www.w3.org\/2000\/svg\"><path d=\"M696 533C708 521 713 504 713 487 713 471 708 454 696 446L400 146C388 133 375 125 354 125 338 125 325 129 313 142 300 154 292 171 292 187 292 204 296 221 308 233L563 492 304 771C292 783 288 800 288 817 288 833 296 850 308 863 321 871 338 875 354 875 371 875 388 867 400 854L696 533Z\"><\/path><\/svg>\t\t\t\t\t<\/div>\n\t\t\t\t\n\t\t\t\t\t\t\t\t\t<div class=\"swiper-pagination\"><\/div>\n\t\t\t\t\t\t\t\t\t<\/div>\n\t\t\t\t\t\t<\/div>\n\t\t\t\t<\/div>\n\t\t\t\t<div class=\"elementor-element elementor-element-34f7ea0 elementor-widget elementor-widget-spacer\" data-id=\"34f7ea0\" data-element_type=\"widget\" data-widget_type=\"spacer.default\">\n\t\t\t\t<div class=\"elementor-widget-container\">\n\t\t\t\t\t\t\t<div class=\"elementor-spacer\">\n\t\t\t<div class=\"elementor-spacer-inner\"><\/div>\n\t\t<\/div>\n\t\t\t\t\t\t<\/div>\n\t\t\t\t<\/div>\n\t\t<div class=\"elementor-element elementor-element-05c861c e-grid e-con-full e-con e-child\" data-id=\"05c861c\" data-element_type=\"container\">\n\t\t\t\t<div class=\"elementor-element elementor-element-3e5441e elementor-widget elementor-widget-text-editor\" data-id=\"3e5441e\" data-element_type=\"widget\" data-widget_type=\"text-editor.default\">\n\t\t\t\t<div class=\"elementor-widget-container\">\n\t\t\t\t\t\t\t\t\t<h3><strong>Densit\u00e9 des usagers<\/strong><\/h3><p>Un outil a \u00e9t\u00e9 d\u00e9velopp\u00e9 pour mesurer la densit\u00e9 d&rsquo;occupation des plages, en utilisant des algorithmes d&rsquo;apprentissage automatique. Dans le cadre de la crise du COVID-19, cet outil a \u00e9t\u00e9 adapt\u00e9 pour fournir des informations en temps r\u00e9el sur l&rsquo;occupation des plages, afin d&rsquo;assurer le respect des recommandations en mati\u00e8re de densit\u00e9 d&rsquo;occupation des plages. La solution consiste en un algorithme automatis\u00e9 qui mesure le niveau d&rsquo;occupation en temps r\u00e9el \u00e0 partir des images du r\u00e9seau de stations et affiche l&rsquo;information via une application mobile <strong>(Nik Hondartzak).<\/strong> L&rsquo;information est simultan\u00e9ment envoy\u00e9e aux gestionnaires de plage, qui contr\u00f4lent l&rsquo;acc\u00e8s \u00e0 la plage afin de garantir les niveaux d&rsquo;occupation recommand\u00e9s. Ces informations sont \u00e9galement utilis\u00e9es \u00e0 la fin de la saison pour \u00e9valuer la fr\u00e9quentation de la plage et d\u00e9crire les sch\u00e9mas d&rsquo;usage.<\/p><p>Au cours de l&rsquo;\u00e9t\u00e9 2024, Las Palmas de Gran Canaria a incorpor\u00e9 cette technologie en lan\u00e7ant l&rsquo;application LPA Beach pour fournir des informations en temps r\u00e9el sur les mar\u00e9es, l&rsquo;occupation, la m\u00e9t\u00e9o et les services disponibles sur les plages de Las Canteras, La Laja et Las Alcaravaneras.<\/p><p><img fetchpriority=\"high\" decoding=\"async\" class=\"aligncenter wp-image-638 size-full\" src=\"https:\/\/www.kostasystem.com\/wp-content\/uploads\/2024\/05\/gestion_playas_kostasystem.png\" alt=\"densidad_usuarios_kostasystem\" width=\"576\" height=\"222\" srcset=\"https:\/\/www.kostasystem.com\/wp-content\/uploads\/2024\/05\/gestion_playas_kostasystem.png 576w, https:\/\/www.kostasystem.com\/wp-content\/uploads\/2024\/05\/gestion_playas_kostasystem-300x116.png 300w\" sizes=\"(max-width: 576px) 100vw, 576px\" \/><\/p>\t\t\t\t\t\t\t\t<\/div>\n\t\t\t\t<\/div>\n\t\t\t\t<div class=\"elementor-element elementor-element-938ce41 elementor-widget elementor-widget-image\" data-id=\"938ce41\" data-element_type=\"widget\" data-widget_type=\"image.default\">\n\t\t\t\t<div class=\"elementor-widget-container\">\n\t\t\t\t\t\t\t\t\t\t\t\t\t\t\t<img decoding=\"async\" width=\"400\" height=\"732\" src=\"https:\/\/www.kostasystem.com\/wp-content\/uploads\/2024\/07\/hondartzak_app.jpg\" class=\"attachment-large size-large wp-image-1064\" alt=\"hondartzak_app\" srcset=\"https:\/\/www.kostasystem.com\/wp-content\/uploads\/2024\/07\/hondartzak_app.jpg 400w, https:\/\/www.kostasystem.com\/wp-content\/uploads\/2024\/07\/hondartzak_app-164x300.jpg 164w\" sizes=\"(max-width: 400px) 100vw, 400px\" \/>\t\t\t\t\t\t\t\t\t\t\t\t\t\t\t<\/div>\n\t\t\t\t<\/div>\n\t\t\t\t<\/div>\n\t\t\t\t<div class=\"elementor-element elementor-element-0dae447 elementor-mobile-align-justify animated-slow elementor-align-center elementor-invisible elementor-widget elementor-widget-button\" data-id=\"0dae447\" data-element_type=\"widget\" data-settings=\"{&quot;_animation&quot;:&quot;fadeIn&quot;}\" data-widget_type=\"button.default\">\n\t\t\t\t<div class=\"elementor-widget-container\">\n\t\t\t\t\t\t\t\t\t<div class=\"elementor-button-wrapper\">\n\t\t\t\t\t<a class=\"elementor-button elementor-button-link elementor-size-sm\" href=\"https:\/\/www.kostasystem.com\/fr\/technologie-kostasystem\/\">\n\t\t\t\t\t\t<span class=\"elementor-button-content-wrapper\">\n\t\t\t\t\t\t\t\t\t<span class=\"elementor-button-text\">VOIR LES SITES D\u2019APPLICATION<\/span>\n\t\t\t\t\t<\/span>\n\t\t\t\t\t<\/a>\n\t\t\t\t<\/div>\n\t\t\t\t\t\t\t\t<\/div>\n\t\t\t\t<\/div>\n\t\t\t\t<\/div>\n\t\t\t\t\t<\/div>\n\t\t\t\t<\/div>\n\t\t<div class=\"elementor-element elementor-element-67ce28a e-flex e-con-boxed e-con e-parent\" data-id=\"67ce28a\" data-element_type=\"container\" data-settings=\"{&quot;background_background&quot;:&quot;classic&quot;}\">\n\t\t\t\t\t<div class=\"e-con-inner\">\n\t\t<div class=\"elementor-element elementor-element-90239a7 e-flex e-con-boxed e-con e-child\" data-id=\"90239a7\" data-element_type=\"container\">\n\t\t\t\t\t<div class=\"e-con-inner\">\n\t\t<div class=\"elementor-element elementor-element-f0ec8c0 e-con-full e-flex e-con e-child\" data-id=\"f0ec8c0\" data-element_type=\"container\">\n\t\t\t\t<div class=\"elementor-element elementor-element-faaaf73 elementor-widget elementor-widget-heading\" data-id=\"faaaf73\" data-element_type=\"widget\" data-widget_type=\"heading.default\">\n\t\t\t\t<div class=\"elementor-widget-container\">\n\t\t\t\t\t<h4 class=\"elementor-heading-title elementor-size-default\">Publications<\/h4>\t\t\t\t<\/div>\n\t\t\t\t<\/div>\n\t\t\t\t<div class=\"elementor-element elementor-element-8f84bd0 elementor-widget elementor-widget-text-editor\" data-id=\"8f84bd0\" data-element_type=\"widget\" data-widget_type=\"text-editor.default\">\n\t\t\t\t<div class=\"elementor-widget-container\">\n\t\t\t\t\t\t\t\t\t<ul><li>Epelde, I., Liria, P., de Santiago, I., Garnier, R., Uriarte, A., Pic\u00f3n, A., Galdr\u00e1n, A., Arteche, J.A., Lago, A., Corera, Z., et al., 2021. Beach carrying capacity management under Covid-19 era on the Basque Coast by means of automated coastal videometry. Ocean &amp; Coastal Management 208, 105588.<\/li><\/ul>\t\t\t\t\t\t\t\t<\/div>\n\t\t\t\t<\/div>\n\t\t\t\t<\/div>\n\t\t\t\t\t<\/div>\n\t\t\t\t<\/div>\n\t\t\t\t\t<\/div>\n\t\t\t\t<\/div>\n\t\t\t\t<\/div>\n\t\t","protected":false},"excerpt":{"rendered":"<p>Services C\u00f4tiers Services de plages D\u00e9tection et pr\u00e9diction des courants de ba\u00efnes\u00a0: des plages plus s\u00fbres Un outil d&rsquo;\u00e9valuation et de pr\u00e9vision des risques li\u00e9s aux courants de retour a \u00e9t\u00e9 mis au point pour am\u00e9liorer la s\u00e9curit\u00e9 des plages pendant la saison baln\u00e9aire. Les images de la plage rectifi\u00e9es de type TIMEX sont envoy\u00e9es&hellip;&nbsp;<a href=\"https:\/\/www.kostasystem.com\/fr\/gestion-des-plages\/\" rel=\"bookmark\">Read More &raquo;<span class=\"screen-reader-text\">Gestion des plages<\/span><\/a><\/p>\n","protected":false},"author":2,"featured_media":0,"parent":0,"menu_order":0,"comment_status":"closed","ping_status":"closed","template":"page-templates\/template-pagebuilder-full-width.php","meta":{"neve_meta_sidebar":"","neve_meta_container":"","neve_meta_enable_content_width":"","neve_meta_content_width":0,"neve_meta_title_alignment":"","neve_meta_author_avatar":"","neve_post_elements_order":"","neve_meta_disable_header":"","neve_meta_disable_footer":"","neve_meta_disable_title":"on","neve_meta_reading_time":"","_themeisle_gutenberg_block_has_review":false,"_ti_tpc_template_sync":false,"_ti_tpc_template_id":"","footnotes":""},"class_list":["post-1591","page","type-page","status-publish","hentry"],"_links":{"self":[{"href":"https:\/\/www.kostasystem.com\/fr\/wp-json\/wp\/v2\/pages\/1591","targetHints":{"allow":["GET"]}}],"collection":[{"href":"https:\/\/www.kostasystem.com\/fr\/wp-json\/wp\/v2\/pages"}],"about":[{"href":"https:\/\/www.kostasystem.com\/fr\/wp-json\/wp\/v2\/types\/page"}],"author":[{"embeddable":true,"href":"https:\/\/www.kostasystem.com\/fr\/wp-json\/wp\/v2\/users\/2"}],"replies":[{"embeddable":true,"href":"https:\/\/www.kostasystem.com\/fr\/wp-json\/wp\/v2\/comments?post=1591"}],"version-history":[{"count":10,"href":"https:\/\/www.kostasystem.com\/fr\/wp-json\/wp\/v2\/pages\/1591\/revisions"}],"predecessor-version":[{"id":1677,"href":"https:\/\/www.kostasystem.com\/fr\/wp-json\/wp\/v2\/pages\/1591\/revisions\/1677"}],"wp:attachment":[{"href":"https:\/\/www.kostasystem.com\/fr\/wp-json\/wp\/v2\/media?parent=1591"}],"curies":[{"name":"wp","href":"https:\/\/api.w.org\/{rel}","templated":true}]}}